{"id":2272,"date":"2020-04-20T13:44:39","date_gmt":"2020-04-20T13:44:39","guid":{"rendered":"https:\/\/wealth.palos.ca\/politique-de-confidentialite\/"},"modified":"2025-05-22T17:28:36","modified_gmt":"2025-05-22T17:28:36","slug":"politique-de-confidentialite","status":"publish","type":"page","link":"https:\/\/wealth.palos.ca\/fr\/politique-de-confidentialite\/","title":{"rendered":"Politique de confidentialit\u00e9"},"content":{"rendered":"\t\t<div data-elementor-type=\"wp-page\" data-elementor-id=\"2272\" class=\"elementor elementor-2272 elementor-2124\" data-elementor-settings=\"[]\">\n\t\t\t\t\t\t<div class=\"elementor-inner\">\n\t\t\t\t\t\t\t<div class=\"elementor-section-wrap\">\n\t\t\t\t\t\t\t<section class=\"elementor-section elementor-top-section elementor-element elementor-element-53633e8 elementor-section-boxed elementor-section-height-default elementor-section-height-default\" data-id=\"53633e8\" data-element_type=\"section\">\n\t\t\t\t\t\t<div class=\"elementor-container elementor-column-gap-default\">\n\t\t\t\t\t\t\t<div class=\"elementor-row\">\n\t\t\t\t\t<div class=\"elementor-column elementor-col-100 elementor-top-column elementor-element elementor-element-e2df188\" data-id=\"e2df188\" data-element_type=\"column\">\n\t\t\t<div class=\"elementor-column-wrap elementor-element-populated\">\n\t\t\t\t\t\t\t<div class=\"elementor-widget-wrap\">\n\t\t\t\t\t\t<div class=\"elementor-element elementor-element-33b13fc elementor-widget elementor-widget-text-editor\" data-id=\"33b13fc\" data-element_type=\"widget\" data-widget_type=\"text-editor.default\">\n\t\t\t\t<div class=\"elementor-widget-container\">\n\t\t\t\t\t\t\t\t<div class=\"elementor-text-editor elementor-clearfix\">\n\t\t\t\t<div class=\"vc_row wpb_row vc_row-fluid privacy-policy vc_custom_1472587627751\" data-vc-full-width=\"true\" data-vc-full-width-init=\"true\"><div class=\"wpb_column vc_column_container thememove-column-0 vc_col-sm-12\"><div class=\"wpb_wrapper\"><h3 class=\"vc_custom_heading section-title vc_custom_1469639267827\">POLITIQUE DE CONFIDENTIALIT\u00c9<\/h3><div class=\"wpb_text_column wpb_content_element \"><div class=\"wpb_wrapper\"><p>Vos renseignements personnels sont importants. Chez Palos, nous souhaitons vous fournir une bonne compr\u00e9hension de la mani\u00e8re dont nous recueillons, utilisons et partageons les renseignements personnels de nos clients. Nous suivons une politique stricte en mati\u00e8re de protection de la vie priv\u00e9e et prenons des mesures pour prot\u00e9ger vos renseignements et respecter les lois sur la protection des renseignements personnels.<\/p><p><strong>Nos Principes de Confidentialit\u00e9<\/strong><\/p><p>Nous suivons ces principes cl\u00e9s pour prot\u00e9ger vos renseignements personnels :<\/p><ol><li><strong>Responsabilit\u00e9 <\/strong>\u2013 La protection de la vie priv\u00e9e est une priorit\u00e9 \u00e0 tous les niveaux de notre organisation. Nos employ\u00e9s re\u00e7oivent une formation sur l&rsquo;importance de prot\u00e9ger vos renseignements.<\/li><li><strong>Collecte Limit\u00e9e<\/strong> \u2013 Nous ne recueillons que les renseignements personnels n\u00e9cessaires pour vous offrir nos services.<\/li><li><strong>Utilisation Limit\u00e9e<\/strong> \u2013 Nous utilisons vos renseignements uniquement pour vous fournir nos services ou vous informer sur des services susceptibles de vous int\u00e9resser.<\/li><li><strong>Consentement<\/strong> \u2013 Nous demandons votre consentement pour recueillir et utiliser vos renseignements personnels, g\u00e9n\u00e9ralement au moment de la signature des documents d&rsquo;ouverture de compte. Vous pouvez retirer votre consentement en tout temps, ce qui pourrait toutefois limiter notre capacit\u00e9 \u00e0 vous servir.<\/li><li><strong>Utilisation et Conservation Limit\u00e9es<\/strong> \u2013 Nous utilisons vos renseignements seulement de la mani\u00e8re permise par vous ou requise par la loi, et nous les conservons uniquement aussi longtemps que n\u00e9cessaire.<\/li><li><strong>Exactitude<\/strong> \u2013 Nous prenons des mesures raisonnables pour garder vos renseignements exacts et \u00e0 jour.<\/li><li><strong>Contr\u00f4les<\/strong>\u2013 Nous avons des mesures de protection physiques, organisationnelles et technologiques pour prot\u00e9ger vos renseignements personnels.<\/li><\/ol><p><strong>Quels types de renseignements nous recueillons <\/strong><\/p><p>Les types de renseignements personnels que nous recueillons, utilisons et partageons d\u00e9pendent du produit ou service que vous d\u00e9tenez chez nous. Ces renseignements peuvent inclure :<\/p><ul><li>Votre nom, adresse, num\u00e9ros de t\u00e9l\u00e9phone (y compris cellulaire), adresse courriel, date de naissance et num\u00e9ro d&rsquo;assurance sociale (NAS) ou num\u00e9ro de s\u00e9curit\u00e9 sociale (SSN);<\/li><li>Votre situation personnelle et professionnelle;<\/li><li>Vos actifs, revenus et sources de fonds;<\/li><li>Votre exp\u00e9rience en mati\u00e8re d&rsquo;investissement, vos objectifs financiers et votre tol\u00e9rance au risque.<\/li><\/ul><p>Nous pourrions \u00e9galement recueillir des renseignements techniques comme votre adresse IP, type d&rsquo;appareil et navigateur lorsque vous acc\u00e9dez \u00e0 notre site Web ou utilisez nos formulaires, dans la mesure o\u00f9 ces donn\u00e9es permettent de vous identifier.<\/p><p>Dans certains cas, nous pourrions avoir besoin de renseignements sur des tiers li\u00e9s pour g\u00e9rer notre relation avec vous, tels que votre conjoint, partenaire, personne de confiance ou b\u00e9n\u00e9ficiaires.<\/p><p>Nous recueillons les renseignements que vous nous fournissez par le biais de formulaires ou lors de conversations, ainsi que ceux relatifs aux conseils ou services fournis.<\/p><p><strong>Pourquoi nous recueillons ces renseignements <\/strong><\/p><p>Nous recueillons et utilisons vos renseignements personnels pour confirmer et v\u00e9rifier votre identit\u00e9, vous offrir des services d&rsquo;investissement personnalis\u00e9s, g\u00e9rer nos affaires et notre relation avec vous, effectuer des v\u00e9rifications de solvabilit\u00e9 au besoin, et r\u00e9pondre aux obligations l\u00e9gales, r\u00e9glementaires et fiscales.<\/p><p>Nous vous demandons \u00e9galement votre consentement pour vous envoyer du mat\u00e9riel promotionnel par voie \u00e9lectronique.<\/p><p><strong>Comment nous utilisons ou partageons vos renseignements personnels<\/strong><\/p><p>Pour administrer, g\u00e9rer et entretenir les comptes clients, traiter les transactions et fournir des services li\u00e9s, nous devons donner acc\u00e8s \u00e0 vos renseignements personnels \u00e0 l&rsquo;interne ou \u00e0 certaines soci\u00e9t\u00e9s non affili\u00e9es. Nous pouvons partager vos renseignements :<\/p><ul><li>Pour traiter vos transactions, maintenir vos comptes, r\u00e9pondre \u00e0 des ordonnances judiciaires ou enqu\u00eates, rapporter aux agences de cr\u00e9dit, ou r\u00e9pondre aux exigences l\u00e9gales et r\u00e9glementaires;<\/li><li>Avec des fournisseurs de services tiers pour l&rsquo;administration de votre compte;<\/li><li>Avec des entit\u00e9s affili\u00e9es et non affili\u00e9es qui nous fournissent des services (comme courtiers, fiduciaires, d\u00e9positaires, processeurs de donn\u00e9es);<\/li><li>Avec les organismes de r\u00e9glementation lors d&rsquo;examens ou d&rsquo;enqu\u00eates;<\/li><li>Ou tel qu&rsquo;autrement permis ou requis par la loi.<\/li><\/ul><p>Palos peut \u00e9galement utiliser vos renseignements pour vous proposer des produits et services susceptibles de vous int\u00e9resser. Toutefois, nous ne vendons pas vos renseignements personnels.<\/p><p><strong>Traitement automatis\u00e9<\/strong><\/p><p>Nous pourrions utiliser des formes limit\u00e9es de traitement automatis\u00e9, par exemple pour passer des ordres selon des r\u00e8gles pr\u00e9\u00e9tablies. Ces processus ne produisent pas d&rsquo;effets juridiques ou d\u2019effets significatifs sans supervision humaine. Pour toute question, contactez votre conseiller Palos.<\/p><p><strong>Protection de vos renseignements<\/strong><\/p><p>Nous contr\u00f4lons strictement l&rsquo;acc\u00e8s \u00e0 vos renseignements personnels. Seuls les employ\u00e9s, agents et fournisseurs ayant besoin de ces renseignements pour leurs fonctions y ont acc\u00e8s, et ils sont tenus \u00e0 la confidentialit\u00e9. Nous utilisons des mesures de protection administratives, techniques et physiques contre l&rsquo;acc\u00e8s non autoris\u00e9, la perte, l&rsquo;utilisation abusive ou la divulgation.<\/p><p><strong>Conservation et destruction des renseignements personnels<\/strong><\/p><p>Nous conservons vos renseignements personnels uniquement pour la dur\u00e9e n\u00e9cessaire aux fins pour lesquelles ils ont \u00e9t\u00e9 recueillis, y compris pour satisfaire aux exigences l\u00e9gales, r\u00e9glementaires et fiscales. En g\u00e9n\u00e9ral, les dossiers sont conserv\u00e9s pendant au moins sept (7) ans. Lorsqu&rsquo;ils ne sont plus requis, les renseignements sont d\u00e9truits de fa\u00e7on s\u00e9curitaire ou anonymis\u00e9s.<\/p><p><strong>Consentement \u00e0 la collecte et \u00e0 l&rsquo;utilisation<\/strong><\/p><p>Nous recueillons, utilisons et divulguons vos renseignements personnels avec votre connaissance et votre consentement, sauf indication contraire permise ou requise par la loi. Le consentement peut \u00eatre expr\u00e8s (p.ex., accord \u00e9crit ou verbal) ou implicite (p.ex., utilisation de nos services ou soumission d&rsquo;informations).<\/p><p>Par exemple, nous recueillons vos renseignements lorsque vous :<\/p><ul><li>Ouvrez un compte avec nous;<\/li><li>Demandez des conseils en investissement;<\/li><li>Fournissez des renseignements personnels pour mieux comprendre vos besoins.<\/li><\/ul><p>Nous pouvons \u00e9galement obtenir vos renseignements \u00e0 partir d&rsquo;autres sources, telles que des agences de cr\u00e9dit, pour v\u00e9rifier votre identit\u00e9.<\/p><p><strong>Retrait du consentement<\/strong><\/p><p>Vous pouvez retirer votre consentement \u00e0 la collecte, \u00e0 l&rsquo;utilisation ou \u00e0 la divulgation de vos renseignements personnels. Vous pouvez aussi refuser de recevoir certaines communications, telles que des bulletins ou du mat\u00e9riel promotionnel. Pour ce faire, veuillez en informer votre conseiller Palos ou envoyer un courriel \u00e0 : info@Palos.ca. Nous continuerons \u00e0 vous transmettre des informations relatives aux services ou comptes que vous d\u00e9tenez chez nous.<\/p><p><u>Note<\/u> : Certains renseignements personnels sont n\u00e9cessaires \u00e0 la prestation de nos services. Leur retrait pourrait limiter notre capacit\u00e9 \u00e0 vous servir. Dans certains cas, nous pourrions devoir fermer votre compte ou cesser certains services. Votre conseiller Palos pourra vous expliquer les impacts selon votre situation.<\/p><p><strong>Votre r\u00f4le<\/strong><\/p><p>Vous jouez un r\u00f4le essentiel pour nous permettre de vous offrir des conseils appropri\u00e9s. Nous avons besoin d&rsquo;une compr\u00e9hension claire de vos objectifs financiers, perspectives et situation personnelle. Veuillez vous assurer que les renseignements que vous fournissez sont complets et exacts, et nous aviser rapidement de tout changement.<\/p><p><strong>Vos droits<\/strong><\/p><p>Sous r\u00e9serve des lois applicables, vous avez le droit de :<\/p><ul><li>Acc\u00e9der \u00e0 vos renseignements personnels;<\/li><li>Corriger les renseignements inexacts ou incomplets;<\/li><li>Demander de recevoir certaines de vos renseignements personnels dans un format couramment utilis\u00e9;<\/li><li>Demander la suppression ou l&rsquo;anonymisation de vos donn\u00e9es lorsque non requises;<\/li><li>Vous opposer \u00e0 certains traitements, notamment \u00e0 des fins de marketing;<\/li><li>\u00catre inform\u00e9 et vous opposer \u00e0 l&rsquo;utilisation de processus d\u00e9cisionnels automatis\u00e9s;<\/li><li>Porter plainte aupr\u00e8s de notre Chef de la Conformit\u00e9 ou de l&rsquo;autorit\u00e9 comp\u00e9tente.<\/li><\/ul><p><strong>Transferts hors du Qu\u00e9bec ou du Canada<\/strong><\/p><p>Avant de communiquer des renseignements personnels hors du Qu\u00e9bec ou \u00e0 l&rsquo;\u00e9tranger, nous effectuons une \u00c9valuation des Incidences sur la Vie Priv\u00e9e pour garantir une protection ad\u00e9quate.<\/p><p>Pour toute question sur cette Politique de Confidentialit\u00e9 ou pour exercer vos droits, veuillez nous appeler au 514-397-0188 ou sans frais au 1-855-725-6788, ou encore nous \u00e9crire \u00e0 l\u2019attention du notre Chef de la Conformit\u00e9 \u00e0 notre bureau de Montr\u00e9al : Palos Gestion de patrimoine inc., 1 Place Ville Marie, bureau 1670, Montr\u00e9al (Qu\u00e9bec) Canada H3B 2B6, ou \u00e0 l\u2019adresse courriel <a href=\"mailto:Compliance@palos.ca\">Compliance@palos.ca<\/a>.<\/p><p>Palos se r\u00e9serve le droit de modifier ou de compl\u00e9ter sa politique de confidentialit\u00e9 en tout temps. Si nous apportons des modifications \u00e0 la politique de confidentialit\u00e9, nous publierons la politique mise \u00e0 jour sur notre site Web \u00e0 l\u2019adresse www.palos.ca<\/p><\/div><\/div><\/div><\/div><\/div>\t\t\t\t\t<\/div>\n\t\t\t\t\t\t<\/div>\n\t\t\t\t<\/div>\n\t\t\t\t\t\t<\/div>\n\t\t\t\t\t<\/div>\n\t\t<\/div>\n\t\t\t\t\t\t\t\t<\/div>\n\t\t\t\t\t<\/div>\n\t\t<\/section>\n\t\t\t\t\t\t<\/div>\n\t\t\t\t\t\t<\/div>\n\t\t\t\t\t<\/div>\n\t\t","protected":false},"excerpt":{"rendered":"<p>POLITIQUE DE CONFIDENTIALIT\u00c9 Vos renseignements personnels sont importants. Chez Palos, nous souhaitons vous fournir une bonne compr\u00e9hension de la mani\u00e8re dont nous recueillons, utilisons et partageons les renseignements personnels de nos clients. Nous suivons une politique stricte en mati\u00e8re de protection de la vie priv\u00e9e et prenons des mesures pour prot\u00e9ger vos renseignements et respecter &hellip;<\/p>\n<p class=\"read-more\"> <a class=\"\" href=\"https:\/\/wealth.palos.ca\/fr\/politique-de-confidentialite\/\"> <span class=\"screen-reader-text\">Politique de confidentialit\u00e9<\/span> Lire la suite\u00a0\u00bb<\/a><\/p>\n","protected":false},"author":8,"featured_media":0,"parent":0,"menu_order":0,"comment_status":"closed","ping_status":"closed","template":"elementor_header_footer","meta":[],"_links":{"self":[{"href":"https:\/\/wealth.palos.ca\/fr\/wp-json\/wp\/v2\/pages\/2272"}],"collection":[{"href":"https:\/\/wealth.palos.ca\/fr\/wp-json\/wp\/v2\/pages"}],"about":[{"href":"https:\/\/wealth.palos.ca\/fr\/wp-json\/wp\/v2\/types\/page"}],"author":[{"embeddable":true,"href":"https:\/\/wealth.palos.ca\/fr\/wp-json\/wp\/v2\/users\/8"}],"replies":[{"embeddable":true,"href":"https:\/\/wealth.palos.ca\/fr\/wp-json\/wp\/v2\/comments?post=2272"}],"version-history":[{"count":12,"href":"https:\/\/wealth.palos.ca\/fr\/wp-json\/wp\/v2\/pages\/2272\/revisions"}],"predecessor-version":[{"id":3184,"href":"https:\/\/wealth.palos.ca\/fr\/wp-json\/wp\/v2\/pages\/2272\/revisions\/3184"}],"wp:attachment":[{"href":"https:\/\/wealth.palos.ca\/fr\/wp-json\/wp\/v2\/media?parent=2272"}],"curies":[{"name":"wp","href":"https:\/\/api.w.org\/{rel}","templated":true}]}}