{"id":2269,"date":"2020-04-20T13:44:27","date_gmt":"2020-04-20T13:44:27","guid":{"rendered":"https:\/\/wealth.palos.ca\/conditions-generales\/"},"modified":"2025-05-22T17:40:51","modified_gmt":"2025-05-22T17:40:51","slug":"conditions-generales","status":"publish","type":"page","link":"https:\/\/wealth.palos.ca\/fr\/conditions-generales\/","title":{"rendered":"Conditions g\u00e9n\u00e9rales"},"content":{"rendered":"\t\t<div data-elementor-type=\"wp-page\" data-elementor-id=\"2269\" class=\"elementor elementor-2269 elementor-2119\" data-elementor-settings=\"[]\">\n\t\t\t\t\t\t<div class=\"elementor-inner\">\n\t\t\t\t\t\t\t<div class=\"elementor-section-wrap\">\n\t\t\t\t\t\t\t<section class=\"elementor-section elementor-top-section elementor-element elementor-element-1ae2117 elementor-section-boxed elementor-section-height-default elementor-section-height-default\" data-id=\"1ae2117\" data-element_type=\"section\">\n\t\t\t\t\t\t<div class=\"elementor-container elementor-column-gap-default\">\n\t\t\t\t\t\t\t<div class=\"elementor-row\">\n\t\t\t\t\t<div class=\"elementor-column elementor-col-100 elementor-top-column elementor-element elementor-element-279ec3d\" data-id=\"279ec3d\" data-element_type=\"column\">\n\t\t\t<div class=\"elementor-column-wrap elementor-element-populated\">\n\t\t\t\t\t\t\t<div class=\"elementor-widget-wrap\">\n\t\t\t\t\t\t<div class=\"elementor-element elementor-element-75df34b elementor-widget elementor-widget-text-editor\" data-id=\"75df34b\" data-element_type=\"widget\" data-widget_type=\"text-editor.default\">\n\t\t\t\t<div class=\"elementor-widget-container\">\n\t\t\t\t\t\t\t\t<div class=\"elementor-text-editor elementor-clearfix\">\n\t\t\t\t<h3>CONDITIONS G\u00c9N\u00c9RALES D\u2019UTILISATION DU SITE WEB<\/h3><p>Veuillez lire attentivement cette page de renseignements juridiques importants. Ce site Web est d\u00e9tenu et g\u00e9r\u00e9 par Gestion de patrimoine Palos (\u00ab Palos \u00bb ou \u00ab nous \u00bb). En acc\u00e9dant ou en utilisant ce site Web, vous acceptez de respecter les pr\u00e9sentes conditions g\u00e9n\u00e9rales, lesquelles peuvent \u00eatre modifi\u00e9es \u00e0 tout moment sans pr\u00e9avis. Votre utilisation continue du site Web constitue votre acceptation de ces termes et conditions, ainsi que de toute modification de ceux-ci. Si vous n\u2019acceptez pas ces conditions, n\u2019utilisez pas le site Web.<\/p><p>Les pr\u00e9sentes conditions g\u00e9n\u00e9rales sont r\u00e9gies par les lois de la province de Qu\u00e9bec et les lois canadiennes applicables.<\/p><p><strong>LIMITATION DE RESPONSABILIT\u00c9<\/strong><\/p><p>Le contenu de ce site Web est fourni \u00e0 titre informatif seulement et ne constitue pas un conseil financier, juridique, comptable, fiscal ou en investissement. Vous devriez consulter vos propres conseillers professionnels avant de prendre toute d\u00e9cision fond\u00e9e sur ces informations.<\/p><p>Bien que les informations soient consid\u00e9r\u00e9s comme exacts au moment de la publication, nous ne garantissons pas qu\u2019elles demeurent exactes, compl\u00e8tes ou \u00e0 jour. Le site Web et son contenu sont fournis \u00ab tels quels \u00bb, sans aucune garantie. Palos n\u2019est pas responsable de toute perte r\u00e9sultant de l\u2019utilisation ou de l\u2019impossibilit\u00e9 d\u2019acc\u00e9der au site Web. Nous ne garantissons pas que le site Web sera ininterrompu, exempt d\u2019erreurs ou exempt de virus ou d\u2019autres composants nuisibles.<\/p><p><strong>DISPONIBILIT\u00c9 DES PRODUITS<\/strong><\/p><p>Tous les produits et services d\u00e9crits sur ce site Web sont soumis aux lois applicables.<\/p><p><u>R\u00e9sidents canadiens<\/u><\/p><p>Palos est inscrit \u00e0 titre de conseiller dans la cat\u00e9gorie des gestionnaires de portefeuille en vertu des lois sur les valeurs mobili\u00e8res de toutes les provinces et territoires canadiens, et \u00e0 titre de gestionnaire de fonds d&rsquo;investissement dans les provinces de l&rsquo;Ontario, du Qu\u00e9bec et de Terre-Neuve-et-Labrador.<\/p><p>Palos est \u00e9galement inscrit comme courtier sur le march\u00e9 dispens\u00e9 en Alberta, en Colombie-Britannique, en Ontario et au Qu\u00e9bec.<\/p><p><u>R\u00e9sidents des \u00c9tats-Unis<\/u><\/p><p>Gestion Palos Inc., une soci\u00e9t\u00e9 affili\u00e9e de Palos, est un conseiller en investissements inscrit aupr\u00e8s de la Securities and Exchange Commission des \u00c9tats-Unis (\u00ab SEC \u00bb) et offre des services de conseil aux clients am\u00e9ricains.<\/p><p>Les fonds Palos sont disponibles uniquement pour les investisseurs canadiens. Les r\u00e9f\u00e9rences \u00e0 des investissements ou \u00e0 des fonds ne constituent pas une offre ou une sollicitation d\u2019achat ou de vente de titres.<\/p><p><strong>DROITS D\u2019AUTEUR<\/strong><\/p><p>Tout le contenu de ce site Web est prot\u00e9g\u00e9 par les lois sur le droit d\u2019auteur et la propri\u00e9t\u00e9 intellectuelle. Vous ne pouvez pas copier, modifier, distribuer, publier ou reproduire tout texte, image, vid\u00e9o, logiciel ou marque de ce site sans consentement \u00e9crit pr\u00e9alable. L\u2019utilisation non autoris\u00e9e des marques de commerce ou d\u2019autres propri\u00e9t\u00e9s intellectuelles de Palos est strictement interdite.<\/p><p><strong>LIENS HYPERTEXTES<\/strong><\/p><p>Les liens vers des sites Web tiers sont fournis uniquement pour votre commodit\u00e9. Palos ne cautionne ni ne garantit les produits, services ou contenus de tiers, et n\u2019est pas responsable des dommages, incompatibilit\u00e9s ou risques de s\u00e9curit\u00e9 pouvant r\u00e9sulter de l\u2019acc\u00e8s \u00e0 ces sites. L\u2019utilisation de liens vers des tiers est \u00e0 vos propres risques.<\/p><p><strong>AVIS DE NON-RESPONSABILIT\u00c9 G\u00c9N\u00c9RAL<\/strong><\/p><p>Les investissements comportent des risques, et la performance pass\u00e9e ne garantit pas les r\u00e9sultats futurs. Les informations fournies sur ce site Web sont bas\u00e9es sur des hypoth\u00e8ses et des conditions de march\u00e9 qui peuvent changer. Les investisseurs potentiels doivent \u00e9valuer la pertinence des informations \u00e0 la lumi\u00e8re de leurs objectifs financiers et de leur situation personnelle.<\/p><p>La performance pass\u00e9e n\u2019est pas indicative des rendements futurs. Toutes les donn\u00e9es de rendement refl\u00e8tent les rendements annuels composites globaux, y compris les variations de prix et les revenus r\u00e9investis, et sont bas\u00e9es sur les calculs de Palos \u00e0 l\u2019aide de donn\u00e9es de fournisseurs externes.<\/p><p>Les informations sur ce site sont sujettes \u00e0 modification sans pr\u00e9avis. Le t\u00e9l\u00e9chargement, la copie, la redistribution ou la republication non autoris\u00e9s du contenu du site Web sont interdits. Ce site Web ne fournit pas de conseils personnalis\u00e9s \u2013 veuillez consulter votre propre conseiller.<\/p><p><strong>S\u00c9CURIT\u00c9 DES COURRIELS ET D\u2019INTERNET<\/strong><\/p><p>Les communications par courriel sur Internet ne sont pas s\u00e9curis\u00e9es et peuvent \u00eatre intercept\u00e9es ou modifi\u00e9es. Palos n\u2019est pas responsable des dommages ou pr\u00e9judices r\u00e9sultant de l\u2019envoi de courriels \u00e0 Palos, ou de courriels envoy\u00e9s par Palos \u00e0 votre demande. Pour les communications sensibles, pensez \u00e0 utiliser des m\u00e9thodes plus s\u00e9curis\u00e9es.<\/p><p><strong>UTILISATION DU SITE WEB<\/strong><\/p><p>Palos n\u2019est pas responsable des dommages directs ou indirects r\u00e9sultant de l\u2019utilisation ou de l\u2019indisponibilit\u00e9 du site Web ou de la confiance accord\u00e9e \u00e0 son contenu. L\u2019utilisation ou la reproduction non autoris\u00e9e de toute partie du site est strictement interdite.<\/p><p><strong>DONN\u00c9ES DES UTILISATEURS<\/strong><\/p><p>Nous ne recueillons pas de renseignements personnels par le biais de ce site Web. Cependant, nous pouvons collecter des donn\u00e9es non identifiables limit\u00e9es (par exemple, pages visit\u00e9es, type de navigateur, appareil utilis\u00e9) afin d\u2019analyser l\u2019utilisation du site Web et d\u2019am\u00e9liorer ses performances. Ces donn\u00e9es ne peuvent pas \u00eatre utilis\u00e9es pour identifier des utilisateurs individuels.<\/p><p><strong>POLITIQUE DE CONFIDENTIALIT\u00c9<\/strong><\/p><p>Nous nous conformons \u00e0 la l\u00e9gislation applicable en mati\u00e8re de protection des renseignements personnelles. Pour plus d\u2019informations sur la mani\u00e8re dont nous recueillons et traitons les renseignements sur nos clients, veuillez lire la <a href=\"https:\/\/wealth.palos.ca\/fr\/politique-de-confidentialite\/\">Politique de confidentialit\u00e9 de Palos<\/a>.<\/p>\t\t\t\t\t<\/div>\n\t\t\t\t\t\t<\/div>\n\t\t\t\t<\/div>\n\t\t\t\t\t\t<\/div>\n\t\t\t\t\t<\/div>\n\t\t<\/div>\n\t\t\t\t\t\t\t\t<\/div>\n\t\t\t\t\t<\/div>\n\t\t<\/section>\n\t\t\t\t\t\t<\/div>\n\t\t\t\t\t\t<\/div>\n\t\t\t\t\t<\/div>\n\t\t","protected":false},"excerpt":{"rendered":"<p>CONDITIONS G\u00c9N\u00c9RALES D\u2019UTILISATION DU SITE WEB Veuillez lire attentivement cette page de renseignements juridiques importants. Ce site Web est d\u00e9tenu et g\u00e9r\u00e9 par Gestion de patrimoine Palos (\u00ab Palos \u00bb ou \u00ab nous \u00bb). En acc\u00e9dant ou en utilisant ce site Web, vous acceptez de respecter les pr\u00e9sentes conditions g\u00e9n\u00e9rales, lesquelles peuvent \u00eatre modifi\u00e9es \u00e0 &hellip;<\/p>\n<p class=\"read-more\"> <a class=\"\" href=\"https:\/\/wealth.palos.ca\/fr\/conditions-generales\/\"> <span class=\"screen-reader-text\">Conditions g\u00e9n\u00e9rales<\/span> Lire la suite\u00a0\u00bb<\/a><\/p>\n","protected":false},"author":8,"featured_media":0,"parent":0,"menu_order":0,"comment_status":"closed","ping_status":"closed","template":"elementor_header_footer","meta":[],"_links":{"self":[{"href":"https:\/\/wealth.palos.ca\/fr\/wp-json\/wp\/v2\/pages\/2269"}],"collection":[{"href":"https:\/\/wealth.palos.ca\/fr\/wp-json\/wp\/v2\/pages"}],"about":[{"href":"https:\/\/wealth.palos.ca\/fr\/wp-json\/wp\/v2\/types\/page"}],"author":[{"embeddable":true,"href":"https:\/\/wealth.palos.ca\/fr\/wp-json\/wp\/v2\/users\/8"}],"replies":[{"embeddable":true,"href":"https:\/\/wealth.palos.ca\/fr\/wp-json\/wp\/v2\/comments?post=2269"}],"version-history":[{"count":6,"href":"https:\/\/wealth.palos.ca\/fr\/wp-json\/wp\/v2\/pages\/2269\/revisions"}],"predecessor-version":[{"id":3197,"href":"https:\/\/wealth.palos.ca\/fr\/wp-json\/wp\/v2\/pages\/2269\/revisions\/3197"}],"wp:attachment":[{"href":"https:\/\/wealth.palos.ca\/fr\/wp-json\/wp\/v2\/media?parent=2269"}],"curies":[{"name":"wp","href":"https:\/\/api.w.org\/{rel}","templated":true}]}}